{"id":3153,"date":"2026-01-31T10:44:33","date_gmt":"2026-01-31T10:44:33","guid":{"rendered":"https:\/\/adventurecentermiami.com\/?page_id=3153"},"modified":"2026-01-31T10:44:34","modified_gmt":"2026-01-31T10:44:34","slug":"declaracion-de-accesibilidad","status":"publish","type":"page","link":"https:\/\/adventurecentermiami.com\/en\/declaracion-de-accesibilidad\/","title":{"rendered":"Declaraci\u00f3n de Accesibilidad\u00a0"},"content":{"rendered":"<p>In&nbsp;<strong>Adventure Center Miami<\/strong>, nos esforzamos por garantizar que nuestros servicios en l\u00ednea sean accesibles para todos, incluyendo a las personas mayores y adultos con discapacidades. Creemos firmemente que cada persona tiene derecho a vivir con dignidad, igualdad, comodidad e independencia, tanto en nuestras instalaciones como en nuestro sitio web.<\/p>\n\n\n\n<h3 class=\"wp-block-heading\" id=\"h-estado-de-conformidad\">Estado de conformidad<\/h3>\n\n\n\n<p>Trabajamos continuamente para mejorar la accesibilidad de nuestra web, siguiendo las Pautas de Accesibilidad para el Contenido Web (<strong>WCAG 2.1 nivel AA<\/strong>) para facilitar la navegaci\u00f3n a usuarios que utilizan lectores de pantalla u otras tecnolog\u00edas asistivas.<\/p>\n\n\n\n<h3 class=\"wp-block-heading\" id=\"h-especificaciones-tecnicas\">Especificaciones t\u00e9cnicas<\/h3>\n\n\n\n<p>La accesibilidad de nuestro sitio se basa en el correcto funcionamiento de:<\/p>\n\n\n\n<ul class=\"wp-block-list\">\n<li>HTML<\/li>\n\n\n\n<li>WAI-ARIA<\/li>\n\n\n\n<li>CSS<\/li>\n\n\n\n<li>JavaScript<\/li>\n<\/ul>\n\n\n\n<h3 class=\"wp-block-heading\" id=\"h-compromiso-con-nuestra-comunidad\">Compromiso con nuestra comunidad<\/h3>\n\n\n\n<p>Nuestro centro en Flagler St est\u00e1 dise\u00f1ado para ser un espacio seguro y accesible, y aplicamos esa misma filosof\u00eda a nuestra plataforma digital. Estamos en un proceso constante de auditor\u00eda y mejora para eliminar posibles barreras.<\/p>\n\n\n\n<h3 class=\"wp-block-heading\" id=\"h-contacto-y-sugerencias\">Contacto y sugerencias<\/h3>\n\n\n\n<p>Si tiene dificultades para acceder a cualquier contenido de nuestro sitio web o necesita asistencia, por favor cont\u00e1ctenos. Su experiencia es fundamental para nosotros:<\/p>\n\n\n\n<ul class=\"wp-block-list\">\n<li><strong>Tel\u00e9fono:<\/strong>\u00a0<a href=\"https:\/\/www.google.com\/search?q=tel:13054180350\" target=\"_blank\" rel=\"noreferrer noopener\">1-(305)-418-0350<\/a><\/li>\n\n\n\n<li><strong>Correo electr\u00f3nico:<\/strong>\u00a0desk@adventureadultdaycare.com<\/li>\n\n\n\n<li><strong>Direcci\u00f3n:<\/strong>\u00a010174 W Flagler St, Miami, FL 33174.<\/li>\n<\/ul>\n\n\n\n<p>Nuestro equipo revisar\u00e1 su solicitud y le responder\u00e1 en un plazo de 3 a 5 d\u00edas h\u00e1biles.<\/p>","protected":false},"excerpt":{"rendered":"<p>En&nbsp;Adventure Center Miami, nos esforzamos por garantizar que nuestros servicios en l\u00ednea sean accesibles para todos, incluyendo a las personas mayores y adultos con discapacidades. Creemos firmemente que cada persona tiene derecho a vivir con dignidad, igualdad, comodidad e independencia, tanto en nuestras instalaciones como en nuestro sitio web. Estado de conformidad Trabajamos continuamente para [&hellip;]<\/p>\n","protected":false},"author":1,"featured_media":0,"parent":0,"menu_order":0,"comment_status":"closed","ping_status":"closed","template":"","meta":{"footnotes":""},"class_list":["post-3153","page","type-page","status-publish","hentry"],"yoast_head":"<!-- This site is optimized with the Yoast SEO Premium plugin v25.5 (Yoast SEO v27.2) - https:\/\/yoast.com\/product\/yoast-seo-premium-wordpress\/ -->\n<title>Declaraci\u00f3n de Accesibilidad\u00a0<\/title>\n<meta name=\"description\" content=\"Conozca el compromiso de Adventure Center Miami con la accesibilidad digital. Trabajamos para ofrecer una experiencia web inclusiva para todos nuestros adultos mayores.\" \/>\n<meta name=\"robots\" content=\"index, follow, max-snippet:-1, max-image-preview:large, max-video-preview:-1\" \/>\n<link rel=\"canonical\" href=\"https:\/\/adventurecentermiami.com\/en\/declaracion-de-accesibilidad\/\" \/>\n<meta property=\"og:locale\" content=\"en_US\" \/>\n<meta property=\"og:type\" content=\"article\" \/>\n<meta property=\"og:title\" content=\"Declaraci\u00f3n de Accesibilidad\u00a0\" \/>\n<meta property=\"og:description\" content=\"Conozca el compromiso de Adventure Center Miami con la accesibilidad digital. Trabajamos para ofrecer una experiencia web inclusiva para todos nuestros adultos mayores.\" \/>\n<meta property=\"og:url\" content=\"https:\/\/adventurecentermiami.com\/en\/declaracion-de-accesibilidad\/\" \/>\n<meta property=\"og:site_name\" content=\"adventurecentermiami.com\" \/>\n<meta property=\"article:modified_time\" content=\"2026-01-31T10:44:34+00:00\" \/>\n<meta name=\"twitter:card\" content=\"summary_large_image\" \/>\n<meta name=\"twitter:label1\" content=\"Est. reading time\" \/>\n\t<meta name=\"twitter:data1\" content=\"1 minute\" \/>\n<script type=\"application\/ld+json\" class=\"yoast-schema-graph\">{\"@context\":\"https:\/\/schema.org\",\"@graph\":[{\"@type\":\"WebPage\",\"@id\":\"https:\/\/adventurecentermiami.com\/declaracion-de-accesibilidad\/\",\"url\":\"https:\/\/adventurecentermiami.com\/declaracion-de-accesibilidad\/\",\"name\":\"Declaraci\u00f3n de Accesibilidad\u00a0\",\"isPartOf\":{\"@id\":\"https:\/\/adventurecentermiami.com\/#website\"},\"datePublished\":\"2026-01-31T10:44:33+00:00\",\"dateModified\":\"2026-01-31T10:44:34+00:00\",\"description\":\"Conozca el compromiso de Adventure Center Miami con la accesibilidad digital. Trabajamos para ofrecer una experiencia web inclusiva para todos nuestros adultos mayores.\",\"breadcrumb\":{\"@id\":\"https:\/\/adventurecentermiami.com\/declaracion-de-accesibilidad\/#breadcrumb\"},\"inLanguage\":\"en-US\",\"potentialAction\":[{\"@type\":\"ReadAction\",\"target\":[\"https:\/\/adventurecentermiami.com\/declaracion-de-accesibilidad\/\"]}]},{\"@type\":\"BreadcrumbList\",\"@id\":\"https:\/\/adventurecentermiami.com\/declaracion-de-accesibilidad\/#breadcrumb\",\"itemListElement\":[{\"@type\":\"ListItem\",\"position\":1,\"name\":\"Portada\",\"item\":\"https:\/\/adventurecentermiami.com\/\"},{\"@type\":\"ListItem\",\"position\":2,\"name\":\"Declaraci\u00f3n de Accesibilidad\u00a0\"}]},{\"@type\":\"WebSite\",\"@id\":\"https:\/\/adventurecentermiami.com\/#website\",\"url\":\"https:\/\/adventurecentermiami.com\/\",\"name\":\"adventurecentermiami.com\",\"description\":\"\",\"publisher\":{\"@id\":\"https:\/\/adventurecentermiami.com\/#organization\"},\"potentialAction\":[{\"@type\":\"SearchAction\",\"target\":{\"@type\":\"EntryPoint\",\"urlTemplate\":\"https:\/\/adventurecentermiami.com\/?s={search_term_string}\"},\"query-input\":{\"@type\":\"PropertyValueSpecification\",\"valueRequired\":true,\"valueName\":\"search_term_string\"}}],\"inLanguage\":\"en-US\"},{\"@type\":\"Organization\",\"@id\":\"https:\/\/adventurecentermiami.com\/#organization\",\"name\":\"adventurecentermiami.com\",\"url\":\"https:\/\/adventurecentermiami.com\/\",\"logo\":{\"@type\":\"ImageObject\",\"inLanguage\":\"en-US\",\"@id\":\"https:\/\/adventurecentermiami.com\/#\/schema\/logo\/image\/\",\"url\":\"https:\/\/adventurecentermiami.com\/wp-content\/uploads\/2025\/07\/cropped-logo_rendered-e1752695566280.png\",\"contentUrl\":\"https:\/\/adventurecentermiami.com\/wp-content\/uploads\/2025\/07\/cropped-logo_rendered-e1752695566280.png\",\"width\":250,\"height\":250,\"caption\":\"adventurecentermiami.com\"},\"image\":{\"@id\":\"https:\/\/adventurecentermiami.com\/#\/schema\/logo\/image\/\"}}]}<\/script>\n<!-- \/ Yoast SEO Premium plugin. -->","yoast_head_json":{"title":"Declaraci\u00f3n de Accesibilidad\u00a0","description":"Conozca el compromiso de Adventure Center Miami con la accesibilidad digital. Trabajamos para ofrecer una experiencia web inclusiva para todos nuestros adultos mayores.","robots":{"index":"index","follow":"follow","max-snippet":"max-snippet:-1","max-image-preview":"max-image-preview:large","max-video-preview":"max-video-preview:-1"},"canonical":"https:\/\/adventurecentermiami.com\/en\/declaracion-de-accesibilidad\/","og_locale":"en_US","og_type":"article","og_title":"Declaraci\u00f3n de Accesibilidad\u00a0","og_description":"Conozca el compromiso de Adventure Center Miami con la accesibilidad digital. Trabajamos para ofrecer una experiencia web inclusiva para todos nuestros adultos mayores.","og_url":"https:\/\/adventurecentermiami.com\/en\/declaracion-de-accesibilidad\/","og_site_name":"adventurecentermiami.com","article_modified_time":"2026-01-31T10:44:34+00:00","twitter_card":"summary_large_image","twitter_misc":{"Est. reading time":"1 minute"},"schema":{"@context":"https:\/\/schema.org","@graph":[{"@type":"WebPage","@id":"https:\/\/adventurecentermiami.com\/declaracion-de-accesibilidad\/","url":"https:\/\/adventurecentermiami.com\/declaracion-de-accesibilidad\/","name":"Declaraci\u00f3n de Accesibilidad\u00a0","isPartOf":{"@id":"https:\/\/adventurecentermiami.com\/#website"},"datePublished":"2026-01-31T10:44:33+00:00","dateModified":"2026-01-31T10:44:34+00:00","description":"Conozca el compromiso de Adventure Center Miami con la accesibilidad digital. Trabajamos para ofrecer una experiencia web inclusiva para todos nuestros adultos mayores.","breadcrumb":{"@id":"https:\/\/adventurecentermiami.com\/declaracion-de-accesibilidad\/#breadcrumb"},"inLanguage":"en-US","potentialAction":[{"@type":"ReadAction","target":["https:\/\/adventurecentermiami.com\/declaracion-de-accesibilidad\/"]}]},{"@type":"BreadcrumbList","@id":"https:\/\/adventurecentermiami.com\/declaracion-de-accesibilidad\/#breadcrumb","itemListElement":[{"@type":"ListItem","position":1,"name":"Portada","item":"https:\/\/adventurecentermiami.com\/"},{"@type":"ListItem","position":2,"name":"Declaraci\u00f3n de Accesibilidad\u00a0"}]},{"@type":"WebSite","@id":"https:\/\/adventurecentermiami.com\/#website","url":"https:\/\/adventurecentermiami.com\/","name":"adventurecentermiami.com","description":"","publisher":{"@id":"https:\/\/adventurecentermiami.com\/#organization"},"potentialAction":[{"@type":"SearchAction","target":{"@type":"EntryPoint","urlTemplate":"https:\/\/adventurecentermiami.com\/?s={search_term_string}"},"query-input":{"@type":"PropertyValueSpecification","valueRequired":true,"valueName":"search_term_string"}}],"inLanguage":"en-US"},{"@type":"Organization","@id":"https:\/\/adventurecentermiami.com\/#organization","name":"adventurecentermiami.com","url":"https:\/\/adventurecentermiami.com\/","logo":{"@type":"ImageObject","inLanguage":"en-US","@id":"https:\/\/adventurecentermiami.com\/#\/schema\/logo\/image\/","url":"https:\/\/adventurecentermiami.com\/wp-content\/uploads\/2025\/07\/cropped-logo_rendered-e1752695566280.png","contentUrl":"https:\/\/adventurecentermiami.com\/wp-content\/uploads\/2025\/07\/cropped-logo_rendered-e1752695566280.png","width":250,"height":250,"caption":"adventurecentermiami.com"},"image":{"@id":"https:\/\/adventurecentermiami.com\/#\/schema\/logo\/image\/"}}]}},"_links":{"self":[{"href":"https:\/\/adventurecentermiami.com\/en\/wp-json\/wp\/v2\/pages\/3153","targetHints":{"allow":["GET"]}}],"collection":[{"href":"https:\/\/adventurecentermiami.com\/en\/wp-json\/wp\/v2\/pages"}],"about":[{"href":"https:\/\/adventurecentermiami.com\/en\/wp-json\/wp\/v2\/types\/page"}],"author":[{"embeddable":true,"href":"https:\/\/adventurecentermiami.com\/en\/wp-json\/wp\/v2\/users\/1"}],"replies":[{"embeddable":true,"href":"https:\/\/adventurecentermiami.com\/en\/wp-json\/wp\/v2\/comments?post=3153"}],"version-history":[{"count":1,"href":"https:\/\/adventurecentermiami.com\/en\/wp-json\/wp\/v2\/pages\/3153\/revisions"}],"predecessor-version":[{"id":3154,"href":"https:\/\/adventurecentermiami.com\/en\/wp-json\/wp\/v2\/pages\/3153\/revisions\/3154"}],"wp:attachment":[{"href":"https:\/\/adventurecentermiami.com\/en\/wp-json\/wp\/v2\/media?parent=3153"}],"curies":[{"name":"wp","href":"https:\/\/api.w.org\/{rel}","templated":true}]}}